{"id":197,"date":"2025-03-01T10:00:41","date_gmt":"2025-03-01T09:00:41","guid":{"rendered":"https:\/\/allergo.infodocs.eu\/cours2025\/groupe6\/?page_id=197"},"modified":"2025-03-08T00:17:44","modified_gmt":"2025-03-07T23:17:44","slug":"localiser-rando","status":"publish","type":"page","link":"https:\/\/allergo.infodocs.eu\/cours2025\/groupe6\/localiser-rando\/","title":{"rendered":"Carte des randonn\u00e9es"},"content":{"rendered":"\n<p>La <strong>carte<\/strong> <strong>Google <\/strong>ci-dessous te permet de localiser en un clin d&rsquo;\u0153il les <strong>randonn\u00e9es disponibles sur <em>Rando L\u00e9gendes. <\/em><\/strong><br>La <strong>couleur <\/strong>du picto <strong>indique <\/strong>la <strong>difficult\u00e9 <\/strong>du circuit calcul\u00e9e selon la distance \u00e0 parcourir et le d\u00e9nivel\u00e9, c&rsquo;est-\u00e0-dire la diff\u00e9rence entre l&rsquo;altitude du point de d\u00e9part et celle du point d&rsquo;arriv\u00e9e. <\/p>\n\n\n\n<ul class=\"wp-block-list\">\n<li>Les randonn\u00e9es \u00ab\u00a0<strong>faciles<\/strong>\u00a0\u00bb sont en <strong>vert<\/strong><\/li>\n\n\n\n<li>Les randonn\u00e9es \u00ab\u00a0<strong>difficiles<\/strong>\u00a0\u00bb sont en <strong>rouge<\/strong><\/li>\n\n\n\n<li>Celles ayant une difficult\u00e9 \u00ab\u00a0<strong>mod\u00e9r\u00e9e<\/strong>\u00a0\u00bb sont marqu\u00e9es en <strong>jaune orang\u00e9<\/strong>.<\/li>\n<\/ul>\n\n\n\n<p>Clique sur le picto pour voir <strong>l&rsquo;image de la cr\u00e9ature<\/strong> et quelques photos propos\u00e9es par des internautes.<\/p>\n\n\n\n<iframe loading=\"lazy\" src=\"https:\/\/www.google.com\/maps\/d\/u\/0\/embed?mid=1jfarMXOTaqC3JORV2h7dUj6bdFweaiQ&#038;ehbc=2E312F&#038;noprof=1\" width=\"1024\" height=\"768\"><\/iframe>\n\n\n\n<p><\/p>\n","protected":false},"excerpt":{"rendered":"<p>La carte Google ci-dessous te permet de localiser en un clin d&rsquo;\u0153il les randonn\u00e9es disponibles&#8230;<\/p>\n","protected":false},"author":3,"featured_media":0,"parent":0,"menu_order":0,"comment_status":"closed","ping_status":"closed","template":"","meta":{"footnotes":""},"class_list":["post-197","page","type-page","status-publish","hentry"],"_links":{"self":[{"href":"https:\/\/allergo.infodocs.eu\/cours2025\/groupe6\/wp-json\/wp\/v2\/pages\/197","targetHints":{"allow":["GET"]}}],"collection":[{"href":"https:\/\/allergo.infodocs.eu\/cours2025\/groupe6\/wp-json\/wp\/v2\/pages"}],"about":[{"href":"https:\/\/allergo.infodocs.eu\/cours2025\/groupe6\/wp-json\/wp\/v2\/types\/page"}],"author":[{"embeddable":true,"href":"https:\/\/allergo.infodocs.eu\/cours2025\/groupe6\/wp-json\/wp\/v2\/users\/3"}],"replies":[{"embeddable":true,"href":"https:\/\/allergo.infodocs.eu\/cours2025\/groupe6\/wp-json\/wp\/v2\/comments?post=197"}],"version-history":[{"count":5,"href":"https:\/\/allergo.infodocs.eu\/cours2025\/groupe6\/wp-json\/wp\/v2\/pages\/197\/revisions"}],"predecessor-version":[{"id":577,"href":"https:\/\/allergo.infodocs.eu\/cours2025\/groupe6\/wp-json\/wp\/v2\/pages\/197\/revisions\/577"}],"wp:attachment":[{"href":"https:\/\/allergo.infodocs.eu\/cours2025\/groupe6\/wp-json\/wp\/v2\/media?parent=197"}],"curies":[{"name":"wp","href":"https:\/\/api.w.org\/{rel}","templated":true}]}}