{"id":50,"date":"2025-02-27T15:44:50","date_gmt":"2025-02-27T14:44:50","guid":{"rendered":"https:\/\/allergo.infodocs.eu\/cours2025\/groupe6\/?page_id=50"},"modified":"2025-03-11T22:34:10","modified_gmt":"2025-03-11T21:34:10","slug":"les-coulisses","status":"publish","type":"page","link":"https:\/\/allergo.infodocs.eu\/cours2025\/groupe6\/les-coulisses\/","title":{"rendered":"Les coulisses"},"content":{"rendered":"<div class=\"wp-block-image\">\n<figure class=\"aligncenter size-full\"><img loading=\"lazy\" decoding=\"async\" width=\"448\" height=\"448\" src=\"https:\/\/allergo.infodocs.eu\/cours2025\/groupe6\/wp-content\/uploads\/2025\/03\/mascotte-coulisses.png\" alt=\"\" class=\"wp-image-362\" srcset=\"https:\/\/allergo.infodocs.eu\/cours2025\/groupe6\/wp-content\/uploads\/2025\/03\/mascotte-coulisses.png 448w, https:\/\/allergo.infodocs.eu\/cours2025\/groupe6\/wp-content\/uploads\/2025\/03\/mascotte-coulisses-300x300.png 300w, https:\/\/allergo.infodocs.eu\/cours2025\/groupe6\/wp-content\/uploads\/2025\/03\/mascotte-coulisses-150x150.png 150w\" sizes=\"auto, (max-width: 448px) 100vw, 448px\" \/><\/figure>\n<\/div>\n\n\n<p><strong>Rando L\u00e9gendes<\/strong> est un projet universitaire men\u00e9 par quatre \u00e9tudiantes en Licence Professionnelle \u00ab\u00a0M\u00e9tiers du Livre Information Documentation\u00a0\u00bb, promo 2024-2025, \u00e0 l&rsquo;Universit\u00e9 Paul Val\u00e9ry de Montpellier. Ce projet intervient dans le cadre du cours \u00ab\u00a0Strat\u00e9gies de communication en milieu documentaire\u00a0\u00bb.<\/p>\n\n\n\n<p>Nous avons imagin\u00e9 que <strong>l&rsquo;APDEN <\/strong>(Association des Professeurs Documentalistes de l&rsquo;Education Nationale) nous lan\u00e7ait le d\u00e9fi suivant :<\/p>\n\n\n\n<p class=\"has-text-align-center has-medium-font-size\"><strong>Comment donner aux coll\u00e9giens le go\u00fbt de la lecture tout en \u00e9veillant leur imagination ? <\/strong><\/p>\n\n\n<div class=\"wp-block-image\">\n<figure class=\"aligncenter size-large\"><img loading=\"lazy\" decoding=\"async\" width=\"1024\" height=\"377\" src=\"https:\/\/allergo.infodocs.eu\/cours2025\/groupe6\/wp-content\/uploads\/2025\/02\/header-coulisse2-1024x377.png\" alt=\"\" class=\"wp-image-152\" srcset=\"https:\/\/allergo.infodocs.eu\/cours2025\/groupe6\/wp-content\/uploads\/2025\/02\/header-coulisse2-1024x377.png 1024w, https:\/\/allergo.infodocs.eu\/cours2025\/groupe6\/wp-content\/uploads\/2025\/02\/header-coulisse2-300x110.png 300w, https:\/\/allergo.infodocs.eu\/cours2025\/groupe6\/wp-content\/uploads\/2025\/02\/header-coulisse2-768x282.png 768w, https:\/\/allergo.infodocs.eu\/cours2025\/groupe6\/wp-content\/uploads\/2025\/02\/header-coulisse2-1536x565.png 1536w, https:\/\/allergo.infodocs.eu\/cours2025\/groupe6\/wp-content\/uploads\/2025\/02\/header-coulisse2-2048x753.png 2048w\" sizes=\"auto, (max-width: 1024px) 100vw, 1024px\" \/><\/figure>\n<\/div>\n\n\n<p><br>Notre r\u00e9ponse est le site Rando L\u00e9gendes qui m\u00eale randonn\u00e9es et r\u00e9cits fantastiques pour plonger les jeunes explorateurs dans un univers peupl\u00e9 de dragons, f\u00e9es, korrigans, esprits et autres cr\u00e9atures mythiques. Chaque sentier devient une porte ouverte sur l\u2019Histoire et la litt\u00e9rature, <strong>en r\u00e9sonance avec les programmes scolaires<\/strong> : monstres et r\u00e9cits d\u2019aventure en 6\u1d49, voyages et Grandes D\u00e9couvertes en 5\u1d49.<br>Marcher, r\u00eaver, apprendre : avec <strong>Rando L\u00e9gendes<\/strong>, l\u2019imaginaire prend vie au c\u0153ur des paysages !<\/p>\n\n\n\n<div style=\"height:59px\" aria-hidden=\"true\" class=\"wp-block-spacer\"><\/div>\n\n\n\n<h2 class=\"wp-block-heading\">Qui sommes-nous ?<\/h2>\n\n\n\n<figure class=\"wp-block-embed is-type-video is-provider-youtube wp-block-embed-youtube wp-embed-aspect-16-9 wp-has-aspect-ratio\"><div class=\"wp-block-embed__wrapper\">\n<iframe loading=\"lazy\" title=\"Rando L\u00e9gende - L&#039;\u00e9quipe\" width=\"640\" height=\"360\" src=\"https:\/\/www.youtube.com\/embed\/lu4HBEzlk6Y?feature=oembed\" frameborder=\"0\" allow=\"accelerometer; autoplay; clipboard-write; encrypted-media; gyroscope; picture-in-picture; web-share\" referrerpolicy=\"strict-origin-when-cross-origin\" allowfullscreen><\/iframe>\n<\/div><\/figure>\n","protected":false},"excerpt":{"rendered":"<p>Rando L\u00e9gendes est un projet universitaire men\u00e9 par quatre \u00e9tudiantes en Licence Professionnelle \u00ab\u00a0M\u00e9tiers du&#8230;<\/p>\n","protected":false},"author":3,"featured_media":0,"parent":0,"menu_order":0,"comment_status":"closed","ping_status":"closed","template":"","meta":{"footnotes":""},"class_list":["post-50","page","type-page","status-publish","hentry"],"_links":{"self":[{"href":"https:\/\/allergo.infodocs.eu\/cours2025\/groupe6\/wp-json\/wp\/v2\/pages\/50","targetHints":{"allow":["GET"]}}],"collection":[{"href":"https:\/\/allergo.infodocs.eu\/cours2025\/groupe6\/wp-json\/wp\/v2\/pages"}],"about":[{"href":"https:\/\/allergo.infodocs.eu\/cours2025\/groupe6\/wp-json\/wp\/v2\/types\/page"}],"author":[{"embeddable":true,"href":"https:\/\/allergo.infodocs.eu\/cours2025\/groupe6\/wp-json\/wp\/v2\/users\/3"}],"replies":[{"embeddable":true,"href":"https:\/\/allergo.infodocs.eu\/cours2025\/groupe6\/wp-json\/wp\/v2\/comments?post=50"}],"version-history":[{"count":42,"href":"https:\/\/allergo.infodocs.eu\/cours2025\/groupe6\/wp-json\/wp\/v2\/pages\/50\/revisions"}],"predecessor-version":[{"id":834,"href":"https:\/\/allergo.infodocs.eu\/cours2025\/groupe6\/wp-json\/wp\/v2\/pages\/50\/revisions\/834"}],"wp:attachment":[{"href":"https:\/\/allergo.infodocs.eu\/cours2025\/groupe6\/wp-json\/wp\/v2\/media?parent=50"}],"curies":[{"name":"wp","href":"https:\/\/api.w.org\/{rel}","templated":true}]}}