{"id":257,"date":"2025-03-26T03:16:37","date_gmt":"2025-03-26T02:16:37","guid":{"rendered":"https:\/\/allergo.infodocs.eu\/cours2025\/groupe10\/?page_id=257"},"modified":"2025-04-09T18:46:37","modified_gmt":"2025-04-09T16:46:37","slug":"lontologie","status":"publish","type":"page","link":"https:\/\/allergo.infodocs.eu\/site\/lontologie\/","title":{"rendered":"L&rsquo;ontologie"},"content":{"rendered":"\t\t<div data-elementor-type=\"wp-page\" data-elementor-id=\"257\" class=\"elementor elementor-257\">\n\t\t\t\t<div class=\"elementor-element elementor-element-13f23731 e-flex e-con-boxed e-con e-parent\" data-id=\"13f23731\" data-element_type=\"container\" data-settings=\"{&quot;background_background&quot;:&quot;classic&quot;}\">\n\t\t\t\t\t<div class=\"e-con-inner\">\n\t\t\t\t<div class=\"elementor-element elementor-element-1dd655d8 exad-sticky-section-no exad-glass-effect-no elementor-widget elementor-widget-spacer\" data-id=\"1dd655d8\" data-element_type=\"widget\" data-widget_type=\"spacer.default\">\n\t\t\t\t<div class=\"elementor-widget-container\">\n\t\t\t\t\t\t\t<div class=\"elementor-spacer\">\n\t\t\t<div class=\"elementor-spacer-inner\"><\/div>\n\t\t<\/div>\n\t\t\t\t\t\t<\/div>\n\t\t\t\t<\/div>\n\t\t\t\t<div class=\"elementor-element elementor-element-25d30113 elementor-widget__width-initial exad-sticky-section-no exad-glass-effect-no elementor-widget elementor-widget-heading\" data-id=\"25d30113\" data-element_type=\"widget\" data-widget_type=\"heading.default\">\n\t\t\t\t<div class=\"elementor-widget-container\">\n\t\t\t\t\t<h1 class=\"elementor-heading-title elementor-size-default\">l'ontologie<\/h1>\t\t\t\t<\/div>\n\t\t\t\t<\/div>\n\t\t\t\t\t<\/div>\n\t\t\t\t<\/div>\n\t\t<div class=\"elementor-element elementor-element-189217d e-flex e-con-boxed e-con e-parent\" data-id=\"189217d\" data-element_type=\"container\">\n\t\t\t\t\t<div class=\"e-con-inner\">\n\t\t<div class=\"elementor-element elementor-element-1e03bdd e-con-full e-flex e-con e-child\" data-id=\"1e03bdd\" data-element_type=\"container\">\n\t\t\t\t<div class=\"elementor-element elementor-element-dfe3e5a elementor-hidden-tablet elementor-hidden-mobile exad-sticky-section-no exad-glass-effect-no elementor-widget elementor-widget-spacer\" data-id=\"dfe3e5a\" data-element_type=\"widget\" data-widget_type=\"spacer.default\">\n\t\t\t\t<div class=\"elementor-widget-container\">\n\t\t\t\t\t\t\t<div class=\"elementor-spacer\">\n\t\t\t<div class=\"elementor-spacer-inner\"><\/div>\n\t\t<\/div>\n\t\t\t\t\t\t<\/div>\n\t\t\t\t<\/div>\n\t\t\t\t<div class=\"elementor-element elementor-element-d0e7bc0 elementor-hidden-desktop exad-sticky-section-no exad-glass-effect-no elementor-widget elementor-widget-spacer\" data-id=\"d0e7bc0\" data-element_type=\"widget\" data-widget_type=\"spacer.default\">\n\t\t\t\t<div class=\"elementor-widget-container\">\n\t\t\t\t\t\t\t<div class=\"elementor-spacer\">\n\t\t\t<div class=\"elementor-spacer-inner\"><\/div>\n\t\t<\/div>\n\t\t\t\t\t\t<\/div>\n\t\t\t\t<\/div>\n\t\t\t\t<div class=\"elementor-element elementor-element-7f268ea elementor-widget__width-initial exad-sticky-section-no exad-glass-effect-no elementor-widget elementor-widget-heading\" data-id=\"7f268ea\" data-element_type=\"widget\" data-widget_type=\"heading.default\">\n\t\t\t\t<div class=\"elementor-widget-container\">\n\t\t\t\t\t<h2 class=\"elementor-heading-title elementor-size-default\">Ontologie ALLERGIDOC<\/h2>\t\t\t\t<\/div>\n\t\t\t\t<\/div>\n\t\t\t\t<div class=\"elementor-element elementor-element-ab9e0f5 elementor-widget__width-initial exad-sticky-section-no exad-glass-effect-no elementor-widget elementor-widget-text-editor\" data-id=\"ab9e0f5\" data-element_type=\"widget\" data-widget_type=\"text-editor.default\">\n\t\t\t\t<div class=\"elementor-widget-container\">\n\t\t\t\t\t\t\t\t\t<p><span class=\"OYPEnA font-feature-liga-off font-feature-clig-off font-feature-calt-off text-decoration-none text-strikethrough-none\" style=\"color: #666666; font-weight: 400; font-style: normal; font-kerning: none;\">L&rsquo;ontologie ALLERGIDOC repr\u00e9sente les connaissances scientifiques, cliniques et g\u00e9n\u00e9ralistes du domaine de l&rsquo;allergologie. Elle a \u00e9t\u00e9 \u00e9labor\u00e9e par Marcin Trzmielewski pour l&rsquo;Unit\u00e9 d&rsquo;Exploration des Allergies du CHU de Montpellier (r\u00e9f\u00e9rents : Docteur Davide Caimmi et Prof. Pascal Demoly), dans le cadre d&rsquo;une th\u00e8se en sciences de l&rsquo;information, de la communication et de la documentation \u00e0 l&rsquo;Universit\u00e9 Paul Val\u00e9ry Montpellier 3, financ\u00e9e par la R\u00e9gion Occitanie (France) entre 2019 et 2023.<\/span><\/p>\t\t\t\t\t\t\t\t<\/div>\n\t\t\t\t<\/div>\n\t\t\t\t<div class=\"elementor-element elementor-element-80b55d6 elementor-hidden-tablet elementor-hidden-mobile exad-sticky-section-no exad-glass-effect-no elementor-widget elementor-widget-spacer\" data-id=\"80b55d6\" data-element_type=\"widget\" data-widget_type=\"spacer.default\">\n\t\t\t\t<div class=\"elementor-widget-container\">\n\t\t\t\t\t\t\t<div class=\"elementor-spacer\">\n\t\t\t<div class=\"elementor-spacer-inner\"><\/div>\n\t\t<\/div>\n\t\t\t\t\t\t<\/div>\n\t\t\t\t<\/div>\n\t\t\t\t<\/div>\n\t\t<div class=\"elementor-element elementor-element-2b1730f e-con-full e-flex e-con e-child\" data-id=\"2b1730f\" data-element_type=\"container\">\n\t\t\t\t<div class=\"elementor-element elementor-element-63c73cb elementor-view-default exad-sticky-section-no exad-glass-effect-no elementor-widget elementor-widget-icon\" data-id=\"63c73cb\" data-element_type=\"widget\" data-widget_type=\"icon.default\">\n\t\t\t\t<div class=\"elementor-widget-container\">\n\t\t\t\t\t\t\t<div class=\"elementor-icon-wrapper\">\n\t\t\t<a class=\"elementor-icon elementor-animation-grow\" href=\"https:\/\/allergo.infodocs.eu\/site\/approche-et-methodologie\/\">\n\t\t\t<i aria-hidden=\"true\" class=\"xlwpf wppb-font-tool\"><\/i>\t\t\t<\/a>\n\t\t<\/div>\n\t\t\t\t\t\t<\/div>\n\t\t\t\t<\/div>\n\t\t\t\t<div class=\"elementor-element elementor-element-c21c6d8 exad-glass-effect-no elementor-widget elementor-widget-text-editor\" data-id=\"c21c6d8\" data-element_type=\"widget\" data-widget_type=\"text-editor.default\">\n\t\t\t\t<div class=\"elementor-widget-container\">\n\t\t\t\t\t\t\t\t\t<p><a href=\"https:\/\/allergo.infodocs.eu\/site\/approche-et-methodologie\/\">L&rsquo;approche et la m\u00e9thodologie<\/a><\/p>\t\t\t\t\t\t\t\t<\/div>\n\t\t\t\t<\/div>\n\t\t\t\t<\/div>\n\t\t<div class=\"elementor-element elementor-element-7efdda3 e-con-full e-flex e-con e-child\" data-id=\"7efdda3\" data-element_type=\"container\">\n\t\t\t\t<div class=\"elementor-element elementor-element-f61d5fa elementor-view-default exad-sticky-section-no exad-glass-effect-no elementor-widget elementor-widget-icon\" data-id=\"f61d5fa\" data-element_type=\"widget\" data-widget_type=\"icon.default\">\n\t\t\t\t<div class=\"elementor-widget-container\">\n\t\t\t\t\t\t\t<div class=\"elementor-icon-wrapper\">\n\t\t\t<a class=\"elementor-icon elementor-animation-grow\" href=\"https:\/\/allergo.infodocs.eu\/site\/consulter-lontologie\/\">\n\t\t\t<i aria-hidden=\"true\" class=\"xlwpf wppb-font-attachment\"><\/i>\t\t\t<\/a>\n\t\t<\/div>\n\t\t\t\t\t\t<\/div>\n\t\t\t\t<\/div>\n\t\t\t\t<div class=\"elementor-element elementor-element-6f652e1 exad-glass-effect-no elementor-widget elementor-widget-text-editor\" data-id=\"6f652e1\" data-element_type=\"widget\" data-widget_type=\"text-editor.default\">\n\t\t\t\t<div class=\"elementor-widget-container\">\n\t\t\t\t\t\t\t\t\t<p><a href=\"https:\/\/allergo.infodocs.eu\/site\/consulter-lontologie\/\">Consulter les versions de l&rsquo;ontologie<\/a><\/p>\t\t\t\t\t\t\t\t<\/div>\n\t\t\t\t<\/div>\n\t\t\t\t<\/div>\n\t\t<div class=\"elementor-element elementor-element-ff2161c e-con-full e-flex e-con e-child\" data-id=\"ff2161c\" data-element_type=\"container\">\n\t\t\t\t<div class=\"elementor-element elementor-element-eca40f5 elementor-hidden-tablet elementor-hidden-mobile exad-sticky-section-no exad-glass-effect-no elementor-widget elementor-widget-spacer\" data-id=\"eca40f5\" data-element_type=\"widget\" data-widget_type=\"spacer.default\">\n\t\t\t\t<div class=\"elementor-widget-container\">\n\t\t\t\t\t\t\t<div class=\"elementor-spacer\">\n\t\t\t<div class=\"elementor-spacer-inner\"><\/div>\n\t\t<\/div>\n\t\t\t\t\t\t<\/div>\n\t\t\t\t<\/div>\n\t\t\t\t<\/div>\n\t\t\t\t\t<\/div>\n\t\t\t\t<\/div>\n\t\t<div class=\"elementor-element elementor-element-da38950 e-con-full e-flex e-con e-parent\" data-id=\"da38950\" data-element_type=\"container\">\n\t\t<div class=\"elementor-element elementor-element-c947aaa e-con-full e-flex e-con e-child\" data-id=\"c947aaa\" data-element_type=\"container\">\n\t\t\t\t<div class=\"elementor-element elementor-element-0793273 elementor-hidden-tablet elementor-hidden-mobile exad-sticky-section-no exad-glass-effect-no elementor-widget elementor-widget-spacer\" data-id=\"0793273\" data-element_type=\"widget\" data-widget_type=\"spacer.default\">\n\t\t\t\t<div class=\"elementor-widget-container\">\n\t\t\t\t\t\t\t<div class=\"elementor-spacer\">\n\t\t\t<div class=\"elementor-spacer-inner\"><\/div>\n\t\t<\/div>\n\t\t\t\t\t\t<\/div>\n\t\t\t\t<\/div>\n\t\t\t\t<\/div>\n\t\t<div class=\"elementor-element elementor-element-e5bcbd0 e-con-full e-flex e-con e-child\" data-id=\"e5bcbd0\" data-element_type=\"container\">\n\t\t<div class=\"elementor-element elementor-element-931b961 e-flex e-con-boxed e-con e-child\" data-id=\"931b961\" data-element_type=\"container\">\n\t\t\t\t\t<div class=\"e-con-inner\">\n\t\t\t\t<div class=\"elementor-element elementor-element-eeb56b9 elementor-widget__width-initial exad-sticky-section-no exad-glass-effect-no elementor-widget elementor-widget-heading\" data-id=\"eeb56b9\" data-element_type=\"widget\" data-widget_type=\"heading.default\">\n\t\t\t\t<div class=\"elementor-widget-container\">\n\t\t\t\t\t<h3 class=\"elementor-heading-title elementor-size-default\">enjeux et objectifs<\/h3>\t\t\t\t<\/div>\n\t\t\t\t<\/div>\n\t\t\t\t<div class=\"elementor-element elementor-element-69261f3 elementor-widget__width-initial exad-sticky-section-no exad-glass-effect-no elementor-widget elementor-widget-text-editor\" data-id=\"69261f3\" data-element_type=\"widget\" data-widget_type=\"text-editor.default\">\n\t\t\t\t<div class=\"elementor-widget-container\">\n\t\t\t\t\t\t\t\t\t<p>\u00c0 l\u2019heure actuelle, un SOC, qui serait utilis\u00e9 par les professionnels et chercheurs du domaine dans leurs activit\u00e9s de traitement et de recherche d\u2019informations n\u2019existe pas. Les connaissances allergologiques, produites par diff\u00e9rents acteurs, sont abondantes et h\u00e9t\u00e9rog\u00e8nes et se d\u00e9veloppent en parall\u00e8le de la massification des donn\u00e9es de sant\u00e9.<\/p><p>Pour en permettre l\u2019acc\u00e8s, il est crucial d\u2019identifier et de caract\u00e9riser les connaissances utiles \u00e0 l\u2019activit\u00e9 quotidienne des professionnels et de les structurer dans un syst\u00e8me d\u2019organisation et de repr\u00e9sentation documentaire faisant le pont entre les diff\u00e9rentes mani\u00e8res de repr\u00e9senter les connaissances par les acteurs du domaine.<\/p>\t\t\t\t\t\t\t\t<\/div>\n\t\t\t\t<\/div>\n\t\t\t\t\t<\/div>\n\t\t\t\t<\/div>\n\t\t\t\t<\/div>\n\t\t\t\t<\/div>\n\t\t<div class=\"elementor-element elementor-element-c67f048 e-flex e-con-boxed e-con e-parent\" data-id=\"c67f048\" data-element_type=\"container\">\n\t\t\t\t\t<div class=\"e-con-inner\">\n\t\t<div class=\"elementor-element elementor-element-cb7b82a e-con-full e-flex e-con e-child\" data-id=\"cb7b82a\" data-element_type=\"container\">\n\t\t\t\t<div class=\"elementor-element elementor-element-cbce2a7 elementor-hidden-tablet elementor-hidden-mobile exad-sticky-section-no exad-glass-effect-no elementor-widget elementor-widget-spacer\" data-id=\"cbce2a7\" data-element_type=\"widget\" data-widget_type=\"spacer.default\">\n\t\t\t\t<div class=\"elementor-widget-container\">\n\t\t\t\t\t\t\t<div class=\"elementor-spacer\">\n\t\t\t<div class=\"elementor-spacer-inner\"><\/div>\n\t\t<\/div>\n\t\t\t\t\t\t<\/div>\n\t\t\t\t<\/div>\n\t\t\t\t<\/div>\n\t\t\t\t\t<\/div>\n\t\t\t\t<\/div>\n\t\t<div class=\"elementor-element elementor-element-29b88761 e-flex e-con-boxed e-con e-parent\" data-id=\"29b88761\" data-element_type=\"container\" data-settings=\"{&quot;background_background&quot;:&quot;classic&quot;}\">\n\t\t\t\t\t<div class=\"e-con-inner\">\n\t\t<div class=\"elementor-element elementor-element-4304ec30 e-con-full e-flex e-con e-child\" data-id=\"4304ec30\" data-element_type=\"container\">\n\t\t\t\t<div class=\"elementor-element elementor-element-558339fa exad-sticky-section-no exad-glass-effect-no elementor-widget elementor-widget-spacer\" data-id=\"558339fa\" data-element_type=\"widget\" data-widget_type=\"spacer.default\">\n\t\t\t\t<div class=\"elementor-widget-container\">\n\t\t\t\t\t\t\t<div class=\"elementor-spacer\">\n\t\t\t<div class=\"elementor-spacer-inner\"><\/div>\n\t\t<\/div>\n\t\t\t\t\t\t<\/div>\n\t\t\t\t<\/div>\n\t\t\t\t<\/div>\n\t\t<div class=\"elementor-element elementor-element-501dca53 e-con-full e-flex e-con e-child\" data-id=\"501dca53\" data-element_type=\"container\">\n\t\t\t\t<div class=\"elementor-element elementor-element-486f0e9d exad-sticky-section-no exad-glass-effect-no elementor-widget elementor-widget-image\" data-id=\"486f0e9d\" data-element_type=\"widget\" data-widget_type=\"image.default\">\n\t\t\t\t<div class=\"elementor-widget-container\">\n\t\t\t\t\t\t\t\t\t\t\t\t\t\t\t<img decoding=\"async\" width=\"280\" height=\"152\" src=\"https:\/\/allergo.infodocs.eu\/site\/wp-content\/uploads\/2025\/03\/Logo-Allergidoc.jpg\" class=\"attachment-1536x1536 size-1536x1536 wp-image-299\" alt=\"Logo Allergidoc\" \/>\t\t\t\t\t\t\t\t\t\t\t\t\t\t\t<\/div>\n\t\t\t\t<\/div>\n\t\t<div class=\"elementor-element elementor-element-6b55a792 e-con-full e-flex e-con e-child\" data-id=\"6b55a792\" data-element_type=\"container\">\n\t\t\t\t<div class=\"elementor-element elementor-element-33cd7ce7 exad-sticky-section-no exad-glass-effect-no elementor-widget elementor-widget-text-editor\" data-id=\"33cd7ce7\" data-element_type=\"widget\" data-widget_type=\"text-editor.default\">\n\t\t\t\t<div class=\"elementor-widget-container\">\n\t\t\t\t\t\t\t\t\t<p class=\"cvGsUA direction-ltr align-justify para-style-body\"><a href=\"https:\/\/allergo.infodocs.eu\/site\/lontologie\/\"><strong><span class=\"OYPEnA font-feature-liga-off font-feature-clig-off font-feature-calt-off text-decoration-none text-strikethrough-none\">L\u2019ontologie<\/span><\/strong><\/a><\/p><p class=\"cvGsUA direction-ltr align-justify para-style-body\"><a href=\"https:\/\/allergo.infodocs.eu\/site\/approche-et-methodologie\/\"><span class=\"OYPEnA font-feature-liga-off font-feature-clig-off font-feature-calt-off text-decoration-none text-strikethrough-none\">Approche et m\u00e9thodologie<\/span><\/a><\/p><p class=\"cvGsUA direction-ltr align-justify para-style-body\"><a href=\"https:\/\/allergo.infodocs.eu\/site\/consulter-lontologie\/\"><span class=\"OYPEnA font-feature-liga-off font-feature-clig-off font-feature-calt-off text-decoration-none text-strikethrough-none\">Consulter l\u2019ontologie<\/span><\/a><\/p><p class=\"cvGsUA direction-ltr align-justify para-style-body\"><a href=\"https:\/\/allergo.infodocs.eu\/site\/lequipe-et-les-partenaires\/\"><strong><span class=\"OYPEnA font-feature-liga-off font-feature-clig-off font-feature-calt-off text-decoration-none text-strikethrough-none\">L\u2019\u00e9quipe et les partenaires<\/span><\/strong><\/a><\/p><p><a href=\"https:\/\/allergo.infodocs.eu\/site\/produits-de-recherche\/\"><strong><span class=\"OYPEnA font-feature-liga-off font-feature-clig-off font-feature-calt-off text-decoration-none text-strikethrough-none\">Produits de recherche<\/span><\/strong><\/a><\/p>\t\t\t\t\t\t\t\t<\/div>\n\t\t\t\t<\/div>\n\t\t\t\t<\/div>\n\t\t\t\t<\/div>\n\t\t<div class=\"elementor-element elementor-element-6561ad14 e-con-full e-flex e-con e-child\" data-id=\"6561ad14\" data-element_type=\"container\">\n\t\t<div class=\"elementor-element elementor-element-1f45a60b e-con-full e-flex e-con e-child\" data-id=\"1f45a60b\" data-element_type=\"container\">\n\t\t\t\t<div class=\"elementor-element elementor-element-7d46286e exad-sticky-section-no exad-glass-effect-no elementor-widget elementor-widget-text-editor\" data-id=\"7d46286e\" data-element_type=\"widget\" data-widget_type=\"text-editor.default\">\n\t\t\t\t<div class=\"elementor-widget-container\">\n\t\t\t\t\t\t\t\t\t<p><strong>Coordonn\u00e9es<\/strong><br \/>Universit\u00e9 de Montpellier Paul-Val\u00e9ry<br \/>Route de Mende<br \/>34199 Montpellier Cedex 5<br \/>ITIC &#8211; B\u00e2timent Marc Bloch (B\u00e2t. E)<\/p><p>04 67 14 20 00<\/p><p>ontologie.allergidoc@gmail.com<br \/>marcin.trzmielewski@univ-montp3.fr<\/p><p><strong>Retrouvez-nous sur les r\u00e9seaux sociaux :<\/strong><\/p>\t\t\t\t\t\t\t\t<\/div>\n\t\t\t\t<\/div>\n\t\t\t\t<\/div>\n\t\t<div class=\"elementor-element elementor-element-22e67438 e-con-full e-flex e-con e-child\" data-id=\"22e67438\" data-element_type=\"container\">\n\t\t\t\t<div class=\"elementor-element elementor-element-fba197d elementor-view-default exad-sticky-section-no exad-glass-effect-no elementor-widget elementor-widget-icon\" data-id=\"fba197d\" data-element_type=\"widget\" data-widget_type=\"icon.default\">\n\t\t\t\t<div class=\"elementor-widget-container\">\n\t\t\t\t\t\t\t<div class=\"elementor-icon-wrapper\">\n\t\t\t<a class=\"elementor-icon elementor-animation-push\" href=\"https:\/\/x.com\/MTrzmielewski\">\n\t\t\t<svg aria-hidden=\"true\" class=\"e-font-icon-svg e-fab-x-twitter\" viewBox=\"0 0 512 512\" xmlns=\"http:\/\/www.w3.org\/2000\/svg\"><path d=\"M389.2 48h70.6L305.6 224.2 487 464H345L233.7 318.6 106.5 464H35.8L200.7 275.5 26.8 48H172.4L272.9 180.9 389.2 48zM364.4 421.8h39.1L151.1 88h-42L364.4 421.8z\"><\/path><\/svg>\t\t\t<\/a>\n\t\t<\/div>\n\t\t\t\t\t\t<\/div>\n\t\t\t\t<\/div>\n\t\t\t\t<div class=\"elementor-element elementor-element-68ed3129 elementor-view-default exad-sticky-section-no exad-glass-effect-no elementor-widget elementor-widget-icon\" data-id=\"68ed3129\" data-element_type=\"widget\" data-widget_type=\"icon.default\">\n\t\t\t\t<div class=\"elementor-widget-container\">\n\t\t\t\t\t\t\t<div class=\"elementor-icon-wrapper\">\n\t\t\t<a class=\"elementor-icon elementor-animation-push\" href=\"https:\/\/cv.hal.science\/marcin-trzmielewski\">\n\t\t\t<i aria-hidden=\"true\" class=\"uic ai-hal\"><\/i>\t\t\t<\/a>\n\t\t<\/div>\n\t\t\t\t\t\t<\/div>\n\t\t\t\t<\/div>\n\t\t\t\t<\/div>\n\t\t<div class=\"elementor-element elementor-element-3edf19c e-con-full e-flex e-con e-child\" data-id=\"3edf19c\" data-element_type=\"container\">\n\t\t\t\t<div class=\"elementor-element elementor-element-5b0798f1 exad-sticky-section-no exad-glass-effect-no elementor-widget elementor-widget-button\" data-id=\"5b0798f1\" data-element_type=\"widget\" data-widget_type=\"button.default\">\n\t\t\t\t<div class=\"elementor-widget-container\">\n\t\t\t\t\t\t\t\t\t<div class=\"elementor-button-wrapper\">\n\t\t\t\t\t<a class=\"elementor-button elementor-button-link elementor-size-sm\" href=\"https:\/\/allergo.infodocs.eu\/site\/contact\/\">\n\t\t\t\t\t\t<span class=\"elementor-button-content-wrapper\">\n\t\t\t\t\t\t\t\t\t<span class=\"elementor-button-text\">Nous contacter<\/span>\n\t\t\t\t\t<\/span>\n\t\t\t\t\t<\/a>\n\t\t\t\t<\/div>\n\t\t\t\t\t\t\t\t<\/div>\n\t\t\t\t<\/div>\n\t\t\t\t<\/div>\n\t\t\t\t<\/div>\n\t\t<div class=\"elementor-element elementor-element-3d621c6c e-con-full e-flex e-con e-child\" data-id=\"3d621c6c\" data-element_type=\"container\">\n\t\t\t\t<div class=\"elementor-element elementor-element-7577c255 exad-sticky-section-no exad-glass-effect-no elementor-widget elementor-widget-spacer\" data-id=\"7577c255\" data-element_type=\"widget\" data-widget_type=\"spacer.default\">\n\t\t\t\t<div class=\"elementor-widget-container\">\n\t\t\t\t\t\t\t<div class=\"elementor-spacer\">\n\t\t\t<div class=\"elementor-spacer-inner\"><\/div>\n\t\t<\/div>\n\t\t\t\t\t\t<\/div>\n\t\t\t\t<\/div>\n\t\t\t\t<\/div>\n\t\t\t\t\t<\/div>\n\t\t\t\t<\/div>\n\t\t\t\t<\/div>\n\t\t","protected":false},"excerpt":{"rendered":"<p>l&rsquo;ontologie Ontologie ALLERGIDOC L&rsquo;ontologie ALLERGIDOC repr\u00e9sente les connaissances scientifiques, cliniques et g\u00e9n\u00e9ralistes du domaine de l&rsquo;allergologie. Elle a \u00e9t\u00e9 \u00e9labor\u00e9e [&hellip;]<\/p>\n","protected":false},"author":6,"featured_media":0,"parent":0,"menu_order":0,"comment_status":"closed","ping_status":"closed","template":"","meta":{"site-sidebar-layout":"no-sidebar","site-content-layout":"","ast-site-content-layout":"full-width-container","site-content-style":"default","site-sidebar-style":"default","ast-global-header-display":"","ast-banner-title-visibility":"","ast-main-header-display":"","ast-hfb-above-header-display":"","ast-hfb-below-header-display":"","ast-hfb-mobile-header-display":"","site-post-title":"disabled","ast-breadcrumbs-content":"","ast-featured-img":"disabled","footer-sml-layout":"","theme-transparent-header-meta":"","adv-header-id-meta":"","stick-header-meta":"","header-above-stick-meta":"","header-main-stick-meta":"","header-below-stick-meta":"","astra-migrate-meta-layouts":"default","ast-page-background-enabled":"default","ast-page-background-meta":{"desktop":{"background-color":"var(--ast-global-color-5)","background-image":"","background-repeat":"repeat","background-position":"center center","background-size":"auto","background-attachment":"scroll","background-type":"","background-media":"","overlay-type":"","overlay-color":"","overlay-opacity":"","overlay-gradient":""},"tablet":{"background-color":"","background-image":"","background-repeat":"repeat","background-position":"center center","background-size":"auto","background-attachment":"scroll","background-type":"","background-media":"","overlay-type":"","overlay-color":"","overlay-opacity":"","overlay-gradient":""},"mobile":{"background-color":"","background-image":"","background-repeat":"repeat","background-position":"center center","background-size":"auto","background-attachment":"scroll","background-type":"","background-media":"","overlay-type":"","overlay-color":"","overlay-opacity":"","overlay-gradient":""}},"ast-content-background-meta":{"desktop":{"background-color":"var(--ast-global-color-4)","background-image":"","background-repeat":"repeat","background-position":"center center","background-size":"auto","background-attachment":"scroll","background-type":"","background-media":"","overlay-type":"","overlay-color":"","overlay-opacity":"","overlay-gradient":""},"tablet":{"background-color":"var(--ast-global-color-4)","background-image":"","background-repeat":"repeat","background-position":"center center","background-size":"auto","background-attachment":"scroll","background-type":"","background-media":"","overlay-type":"","overlay-color":"","overlay-opacity":"","overlay-gradient":""},"mobile":{"background-color":"var(--ast-global-color-4)","background-image":"","background-repeat":"repeat","background-position":"center center","background-size":"auto","background-attachment":"scroll","background-type":"","background-media":"","overlay-type":"","overlay-color":"","overlay-opacity":"","overlay-gradient":""}},"footnotes":""},"class_list":["post-257","page","type-page","status-publish","hentry"],"_links":{"self":[{"href":"https:\/\/allergo.infodocs.eu\/site\/wp-json\/wp\/v2\/pages\/257","targetHints":{"allow":["GET"]}}],"collection":[{"href":"https:\/\/allergo.infodocs.eu\/site\/wp-json\/wp\/v2\/pages"}],"about":[{"href":"https:\/\/allergo.infodocs.eu\/site\/wp-json\/wp\/v2\/types\/page"}],"author":[{"embeddable":true,"href":"https:\/\/allergo.infodocs.eu\/site\/wp-json\/wp\/v2\/users\/6"}],"replies":[{"embeddable":true,"href":"https:\/\/allergo.infodocs.eu\/site\/wp-json\/wp\/v2\/comments?post=257"}],"version-history":[{"count":77,"href":"https:\/\/allergo.infodocs.eu\/site\/wp-json\/wp\/v2\/pages\/257\/revisions"}],"predecessor-version":[{"id":2450,"href":"https:\/\/allergo.infodocs.eu\/site\/wp-json\/wp\/v2\/pages\/257\/revisions\/2450"}],"wp:attachment":[{"href":"https:\/\/allergo.infodocs.eu\/site\/wp-json\/wp\/v2\/media?parent=257"}],"curies":[{"name":"wp","href":"https:\/\/api.w.org\/{rel}","templated":true}]}}