{"id":394,"date":"2025-04-02T19:51:34","date_gmt":"2025-04-02T17:51:34","guid":{"rendered":"https:\/\/allergo.infodocs.eu\/cours2025\/groupe10\/?page_id=394"},"modified":"2025-06-30T18:26:46","modified_gmt":"2025-06-30T16:26:46","slug":"lequipe-et-les-partenaires","status":"publish","type":"page","link":"https:\/\/allergo.infodocs.eu\/site\/lequipe-et-les-partenaires\/","title":{"rendered":"L&rsquo;\u00e9quipe et les partenaires"},"content":{"rendered":"\t\t<div data-elementor-type=\"wp-page\" data-elementor-id=\"394\" class=\"elementor elementor-394\">\n\t\t\t\t<div class=\"elementor-element elementor-element-1330aba4 e-flex e-con-boxed e-con e-parent\" data-id=\"1330aba4\" data-element_type=\"container\" data-settings=\"{&quot;background_background&quot;:&quot;classic&quot;}\">\n\t\t\t\t\t<div class=\"e-con-inner\">\n\t\t\t\t<div class=\"elementor-element elementor-element-4e8fba2d elementor-hidden-tablet elementor-hidden-mobile exad-sticky-section-no exad-glass-effect-no elementor-widget elementor-widget-spacer\" data-id=\"4e8fba2d\" data-element_type=\"widget\" data-widget_type=\"spacer.default\">\n\t\t\t\t<div class=\"elementor-widget-container\">\n\t\t\t\t\t\t\t<div class=\"elementor-spacer\">\n\t\t\t<div class=\"elementor-spacer-inner\"><\/div>\n\t\t<\/div>\n\t\t\t\t\t\t<\/div>\n\t\t\t\t<\/div>\n\t\t\t\t<div class=\"elementor-element elementor-element-5be81595 elementor-widget__width-initial exad-sticky-section-no exad-glass-effect-no elementor-widget elementor-widget-heading\" data-id=\"5be81595\" data-element_type=\"widget\" data-widget_type=\"heading.default\">\n\t\t\t\t<div class=\"elementor-widget-container\">\n\t\t\t\t\t<h1 class=\"elementor-heading-title elementor-size-default\">L'\u00e9quipe et les partenaires<\/h1>\t\t\t\t<\/div>\n\t\t\t\t<\/div>\n\t\t\t\t\t<\/div>\n\t\t\t\t<\/div>\n\t\t<div class=\"elementor-element elementor-element-1c8cf93 e-flex e-con-boxed e-con e-parent\" data-id=\"1c8cf93\" data-element_type=\"container\">\n\t\t\t\t\t<div class=\"e-con-inner\">\n\t\t<div class=\"elementor-element elementor-element-eb3207d e-con-full e-flex e-con e-child\" data-id=\"eb3207d\" data-element_type=\"container\">\n\t\t\t\t<div class=\"elementor-element elementor-element-a9b789b exad-sticky-section-no exad-glass-effect-no elementor-widget elementor-widget-spacer\" data-id=\"a9b789b\" data-element_type=\"widget\" data-widget_type=\"spacer.default\">\n\t\t\t\t<div class=\"elementor-widget-container\">\n\t\t\t\t\t\t\t<div class=\"elementor-spacer\">\n\t\t\t<div class=\"elementor-spacer-inner\"><\/div>\n\t\t<\/div>\n\t\t\t\t\t\t<\/div>\n\t\t\t\t<\/div>\n\t\t\t\t<\/div>\n\t\t<div class=\"elementor-element elementor-element-a3f6e5a e-con-full e-flex e-con e-child\" data-id=\"a3f6e5a\" data-element_type=\"container\">\n\t\t\t\t<div class=\"elementor-element elementor-element-872857a exad-sticky-section-no exad-glass-effect-no elementor-widget elementor-widget-image\" data-id=\"872857a\" data-element_type=\"widget\" data-widget_type=\"image.default\">\n\t\t\t\t<div class=\"elementor-widget-container\">\n\t\t\t\t\t\t\t\t\t\t\t\t\t\t\t<img fetchpriority=\"high\" decoding=\"async\" width=\"1024\" height=\"968\" src=\"https:\/\/allergo.infodocs.eu\/site\/wp-content\/uploads\/2025\/04\/silhouette-of-a-man-36181_1280-1024x968.png\" class=\"attachment-large size-large wp-image-1958\" alt=\"Photo de profil de Marcin Trzmielewski\" srcset=\"https:\/\/allergo.infodocs.eu\/site\/wp-content\/uploads\/2025\/04\/silhouette-of-a-man-36181_1280-1024x968.png 1024w, https:\/\/allergo.infodocs.eu\/site\/wp-content\/uploads\/2025\/04\/silhouette-of-a-man-36181_1280-300x284.png 300w, https:\/\/allergo.infodocs.eu\/site\/wp-content\/uploads\/2025\/04\/silhouette-of-a-man-36181_1280-768x726.png 768w, https:\/\/allergo.infodocs.eu\/site\/wp-content\/uploads\/2025\/04\/silhouette-of-a-man-36181_1280.png 1280w\" sizes=\"(max-width: 1024px) 100vw, 1024px\" \/>\t\t\t\t\t\t\t\t\t\t\t\t\t\t\t<\/div>\n\t\t\t\t<\/div>\n\t\t\t\t<\/div>\n\t\t<div class=\"elementor-element elementor-element-20e0194 e-con-full e-flex e-con e-child\" data-id=\"20e0194\" data-element_type=\"container\">\n\t\t\t\t<div class=\"elementor-element elementor-element-0b8b2cf exad-sticky-section-no exad-glass-effect-no elementor-widget elementor-widget-heading\" data-id=\"0b8b2cf\" data-element_type=\"widget\" data-widget_type=\"heading.default\">\n\t\t\t\t<div class=\"elementor-widget-container\">\n\t\t\t\t\t<h3 class=\"elementor-heading-title elementor-size-default\">Marcin Trzmielewski<\/h3>\t\t\t\t<\/div>\n\t\t\t\t<\/div>\n\t\t\t\t<div class=\"elementor-element elementor-element-dea0d24 exad-sticky-section-no exad-glass-effect-no elementor-widget elementor-widget-text-editor\" data-id=\"dea0d24\" data-element_type=\"widget\" data-widget_type=\"text-editor.default\">\n\t\t\t\t<div class=\"elementor-widget-container\">\n\t\t\t\t\t\t\t\t\t<p>Enseignant-chercheur, docteur en sciences de l&rsquo;information, de la documentation et de la communication, porteur du projet ALLERGIDOC depuis 2019.<\/p>\t\t\t\t\t\t\t\t<\/div>\n\t\t\t\t<\/div>\n\t\t\t\t<\/div>\n\t\t<div class=\"elementor-element elementor-element-733b2ae e-con-full e-flex e-con e-child\" data-id=\"733b2ae\" data-element_type=\"container\">\n\t\t<div class=\"elementor-element elementor-element-8280dac e-con-full e-flex e-con e-child\" data-id=\"8280dac\" data-element_type=\"container\">\n\t\t\t\t<div class=\"elementor-element elementor-element-48c8f14 exad-sticky-section-no exad-glass-effect-no elementor-widget elementor-widget-spacer\" data-id=\"48c8f14\" data-element_type=\"widget\" data-widget_type=\"spacer.default\">\n\t\t\t\t<div class=\"elementor-widget-container\">\n\t\t\t\t\t\t\t<div class=\"elementor-spacer\">\n\t\t\t<div class=\"elementor-spacer-inner\"><\/div>\n\t\t<\/div>\n\t\t\t\t\t\t<\/div>\n\t\t\t\t<\/div>\n\t\t\t\t<\/div>\n\t\t\t\t<div class=\"elementor-element elementor-element-72ea658 exad-sticky-section-no exad-glass-effect-no elementor-widget elementor-widget-text-editor\" data-id=\"72ea658\" data-element_type=\"widget\" data-widget_type=\"text-editor.default\">\n\t\t\t\t<div class=\"elementor-widget-container\">\n\t\t\t\t\t\t\t\t\t<p>Actuellement ma\u00eetre de conf\u00e9rences en sciences de l\u2019information et de la documentation \u00e0 l\u2019Universit\u00e9 Paul Val\u00e9ry de Montpellier, Marcin Trzmielewski enseigne au niveau Licence et Master. Il est \u00e9galement chercheur associ\u00e9 au Laboratoire d\u2019\u00c9tudes et de Recherches Appliqu\u00e9es en Sciences Sociales (LERASS) au sein des axes \u00ab Information, Sciences, Savoirs et Pratiques \u00bb et \u00ab Sant\u00e9 \u00bb.<\/p><p>Ses recherches portent sur les processus et les pratiques de production, de traitement, d\u2019archivage, de diffusion, de partage, de recherche et d\u2019usage de l\u2019information sp\u00e9cialis\u00e9e, professionnelle et g\u00e9n\u00e9raliste notamment dans les domaines de la sant\u00e9 et des biblioth\u00e8ques.<\/p><p>Dans le cadre de son doctorat, Marcin Trzmielewski a soutenu <a href=\"https:\/\/theses.hal.science\/tel-04310219\">une th\u00e8se<\/a> en 2023, qui portait sur l\u2019\u00e9laboration d\u2019un Syst\u00e8me Organis\u00e9 des Connaissances (SOC) dans le champ de la sant\u00e9 et plus pr\u00e9cis\u00e9ment dans la sp\u00e9cialit\u00e9 de l\u2019allergologie. Son objectif \u00e9tait de fournir aux professionnels de sant\u00e9 dans ce domaine un outil qui permettait de repr\u00e9senter et d\u2019organiser la complexit\u00e9 des connaissances en allergologie. En effet, l\u2019allergologie est une sp\u00e9cialit\u00e9 m\u00e9dicale depuis seulement 2017, d\u00e8s lors il a \u00e9t\u00e9 constat\u00e9 qu\u2019il y avait un manque d\u2019un SOC qui permettrait un gain de temps pour les professionnels dans la recherche de l\u2019information.<\/p><p>Marcin Trzmielewski, soutenu par le LERASS, a ainsi \u00e9labor\u00e9 une ontologie, autrement dit un corpus structur\u00e9 de concepts modalis\u00e9 dans un langage permettant l\u2019exploitation par un ordinateur des relations s\u00e9mantiques ou taxinomiques \u00e9tablies entre ces concepts. Ce projet a \u00e9t\u00e9 nomm\u00e9 ALLERGIDOC, qui a \u00e9t\u00e9 con\u00e7u en lien avec l\u2019Unit\u00e9 d\u2019Exploration des Allergies au CHU de Montpellier. Elle s\u2019appuie sur une analyse des pratiques informationnelles des membres de cette unit\u00e9 ainsi que sur l\u2019analyse terminologique et linguistique des documents utilis\u00e9s quotidiennement. Cette analyse des pratiques a permis de proposer une ontologie proche de la r\u00e9alit\u00e9 et utiles aux professionnels. Par ailleurs, cette ontologie continue d\u2019\u00eatre aliment\u00e9e et enrichie par les professionnels, et nous avons r\u00e9cemment fait \u00e9voluer sa structuration au niveau des classes principales (facettes) et \u00e0 d\u2019autres niveaux de profondeur classificatoire.<\/p>\t\t\t\t\t\t\t\t<\/div>\n\t\t\t\t<\/div>\n\t\t\t\t<div class=\"elementor-element elementor-element-f0f18fc exad-sticky-section-no exad-glass-effect-no elementor-widget elementor-widget-spacer\" data-id=\"f0f18fc\" data-element_type=\"widget\" data-widget_type=\"spacer.default\">\n\t\t\t\t<div class=\"elementor-widget-container\">\n\t\t\t\t\t\t\t<div class=\"elementor-spacer\">\n\t\t\t<div class=\"elementor-spacer-inner\"><\/div>\n\t\t<\/div>\n\t\t\t\t\t\t<\/div>\n\t\t\t\t<\/div>\n\t\t\t\t<\/div>\n\t\t\t\t\t<\/div>\n\t\t\t\t<\/div>\n\t\t<div class=\"elementor-element elementor-element-2128d5b e-flex e-con-boxed e-con e-parent\" data-id=\"2128d5b\" data-element_type=\"container\">\n\t\t\t\t\t<div class=\"e-con-inner\">\n\t\t<div class=\"elementor-element elementor-element-fef1d69 e-con-full e-flex e-con e-child\" data-id=\"fef1d69\" data-element_type=\"container\">\n\t\t\t\t<div class=\"elementor-element elementor-element-d5a9a55 elementor-view-default elementor-position-top elementor-mobile-position-top exad-sticky-section-no exad-glass-effect-no elementor-widget elementor-widget-icon-box\" data-id=\"d5a9a55\" data-element_type=\"widget\" data-widget_type=\"icon-box.default\">\n\t\t\t\t<div class=\"elementor-widget-container\">\n\t\t\t\t\t\t\t<div class=\"elementor-icon-box-wrapper\">\n\n\t\t\t\t\t\t<div class=\"elementor-icon-box-icon\">\n\t\t\t\t<span  class=\"elementor-icon\">\n\t\t\t\t<i aria-hidden=\"true\" class=\"xlwpf wppb-font-university\"><\/i>\t\t\t\t<\/span>\n\t\t\t<\/div>\n\t\t\t\n\t\t\t\t\t\t<div class=\"elementor-icon-box-content\">\n\n\t\t\t\t\t\t\t\t\t<h3 class=\"elementor-icon-box-title\">\n\t\t\t\t\t\t<span  >\n\t\t\t\t\t\t\tFinancement\t\t\t\t\t\t<\/span>\n\t\t\t\t\t<\/h3>\n\t\t\t\t\n\t\t\t\t\n\t\t\t<\/div>\n\t\t\t\n\t\t<\/div>\n\t\t\t\t\t\t<\/div>\n\t\t\t\t<\/div>\n\t\t\t\t<div class=\"elementor-element elementor-element-73a7819 elementor-widget__width-initial exad-sticky-section-no exad-glass-effect-no elementor-widget elementor-widget-text-editor\" data-id=\"73a7819\" data-element_type=\"widget\" data-widget_type=\"text-editor.default\">\n\t\t\t\t<div class=\"elementor-widget-container\">\n\t\t\t\t\t\t\t\t\t<ul><li>Une allocation doctorale de la R\u00e9gion Occitanie<\/li><li>L&rsquo;universit\u00e9 Paul Val\u00e9ry de Montpellier<\/li><\/ul>\t\t\t\t\t\t\t\t<\/div>\n\t\t\t\t<\/div>\n\t\t\t\t<\/div>\n\t\t<div class=\"elementor-element elementor-element-e8628f8 e-con-full e-flex e-con e-child\" data-id=\"e8628f8\" data-element_type=\"container\">\n\t\t\t\t<div class=\"elementor-element elementor-element-27a5d5b elementor-view-default elementor-position-top elementor-mobile-position-top exad-sticky-section-no exad-glass-effect-no elementor-widget elementor-widget-icon-box\" data-id=\"27a5d5b\" data-element_type=\"widget\" data-widget_type=\"icon-box.default\">\n\t\t\t\t<div class=\"elementor-widget-container\">\n\t\t\t\t\t\t\t<div class=\"elementor-icon-box-wrapper\">\n\n\t\t\t\t\t\t<div class=\"elementor-icon-box-icon\">\n\t\t\t\t<span  class=\"elementor-icon\">\n\t\t\t\t<i aria-hidden=\"true\" class=\"xlwpf wppb-font-handshake\"><\/i>\t\t\t\t<\/span>\n\t\t\t<\/div>\n\t\t\t\n\t\t\t\t\t\t<div class=\"elementor-icon-box-content\">\n\n\t\t\t\t\t\t\t\t\t<h3 class=\"elementor-icon-box-title\">\n\t\t\t\t\t\t<span  >\n\t\t\t\t\t\t\tPartenaires\t\t\t\t\t\t<\/span>\n\t\t\t\t\t<\/h3>\n\t\t\t\t\n\t\t\t\t\n\t\t\t<\/div>\n\t\t\t\n\t\t<\/div>\n\t\t\t\t\t\t<\/div>\n\t\t\t\t<\/div>\n\t\t\t\t<div class=\"elementor-element elementor-element-84b46d1 elementor-widget__width-initial exad-sticky-section-no exad-glass-effect-no elementor-widget elementor-widget-text-editor\" data-id=\"84b46d1\" data-element_type=\"widget\" data-widget_type=\"text-editor.default\">\n\t\t\t\t<div class=\"elementor-widget-container\">\n\t\t\t\t\t\t\t\t\t<ul><li>L&rsquo;Unit\u00e9 d\u2019exploration des allergies du Centre Hospitalier Universitaire de Montpellier<ul><li style=\"list-style-type: none;\"><ul><li>Dr. Davide CAIMMI<\/li><li>Prof. Pascal DEMOLY<\/li><\/ul><\/li><\/ul><\/li><li>Le Laboratoire d\u2019\u00c9tudes et de Recherches Appliqu\u00e9es en Sciences Sociales (LERASS)<\/li><\/ul>\t\t\t\t\t\t\t\t<\/div>\n\t\t\t\t<\/div>\n\t\t\t\t<\/div>\n\t\t<div class=\"elementor-element elementor-element-fce0ae9 e-con-full e-flex e-con e-child\" data-id=\"fce0ae9\" data-element_type=\"container\">\n\t\t\t\t<div class=\"elementor-element elementor-element-f49841d elementor-view-default elementor-position-top elementor-mobile-position-top exad-sticky-section-no exad-glass-effect-no elementor-widget elementor-widget-icon-box\" data-id=\"f49841d\" data-element_type=\"widget\" data-widget_type=\"icon-box.default\">\n\t\t\t\t<div class=\"elementor-widget-container\">\n\t\t\t\t\t\t\t<div class=\"elementor-icon-box-wrapper\">\n\n\t\t\t\t\t\t<div class=\"elementor-icon-box-icon\">\n\t\t\t\t<span  class=\"elementor-icon\">\n\t\t\t\t<i aria-hidden=\"true\" class=\"phl phlight-student\"><\/i>\t\t\t\t<\/span>\n\t\t\t<\/div>\n\t\t\t\n\t\t\t\t\t\t<div class=\"elementor-icon-box-content\">\n\n\t\t\t\t\t\t\t\t\t<h3 class=\"elementor-icon-box-title\">\n\t\t\t\t\t\t<span  >\n\t\t\t\t\t\t\tEtudiants en information-documentation\t\t\t\t\t\t<\/span>\n\t\t\t\t\t<\/h3>\n\t\t\t\t\n\t\t\t\t\n\t\t\t<\/div>\n\t\t\t\n\t\t<\/div>\n\t\t\t\t\t\t<\/div>\n\t\t\t\t<\/div>\n\t\t\t\t<div class=\"elementor-element elementor-element-45047e6 elementor-widget__width-initial exad-sticky-section-no exad-glass-effect-no elementor-widget elementor-widget-text-editor\" data-id=\"45047e6\" data-element_type=\"widget\" data-widget_type=\"text-editor.default\">\n\t\t\t\t<div class=\"elementor-widget-container\">\n\t\t\t\t\t\t\t\t\t<ul><li>Equipe projet tutor\u00e9 (2025) : Nada Bouhsina, Claire Casasso, Sabrina Duc, Anne Guerre<\/li><li>Equipe projet tutor\u00e9 (2024) : Guillemette Allirol, Sandrine Bretin, Olivia Charrier, Nathalie Lyon-Ca\u00ebn, Tania Uribe\u00a0<\/li><li>Conception site web (2025) : Didier D\u00e9voto, Laurent Lapi, L\u00e9o Lebrun, Laur\u00e8ne Mille, Bianca Porta Bernharde<\/li><\/ul>\t\t\t\t\t\t\t\t<\/div>\n\t\t\t\t<\/div>\n\t\t\t\t<\/div>\n\t\t<div class=\"elementor-element elementor-element-950e5d2 e-con-full e-flex e-con e-child\" data-id=\"950e5d2\" data-element_type=\"container\">\n\t\t\t\t<\/div>\n\t\t\t\t\t<\/div>\n\t\t\t\t<\/div>\n\t\t\t\t<\/div>\n\t\t","protected":false},"excerpt":{"rendered":"<p>L&rsquo;\u00e9quipe et les partenaires Marcin Trzmielewski Enseignant-chercheur, docteur en sciences de l&rsquo;information, de la documentation et de la communication, porteur [&hellip;]<\/p>\n","protected":false},"author":6,"featured_media":0,"parent":0,"menu_order":0,"comment_status":"closed","ping_status":"closed","template":"","meta":{"site-sidebar-layout":"no-sidebar","site-content-layout":"","ast-site-content-layout":"full-width-container","site-content-style":"default","site-sidebar-style":"default","ast-global-header-display":"","ast-banner-title-visibility":"","ast-main-header-display":"","ast-hfb-above-header-display":"","ast-hfb-below-header-display":"","ast-hfb-mobile-header-display":"","site-post-title":"disabled","ast-breadcrumbs-content":"","ast-featured-img":"disabled","footer-sml-layout":"","theme-transparent-header-meta":"","adv-header-id-meta":"","stick-header-meta":"","header-above-stick-meta":"","header-main-stick-meta":"","header-below-stick-meta":"","astra-migrate-meta-layouts":"default","ast-page-background-enabled":"default","ast-page-background-meta":{"desktop":{"background-color":"var(--ast-global-color-5)","background-image":"","background-repeat":"repeat","background-position":"center center","background-size":"auto","background-attachment":"scroll","background-type":"","background-media":"","overlay-type":"","overlay-color":"","overlay-opacity":"","overlay-gradient":""},"tablet":{"background-color":"","background-image":"","background-repeat":"repeat","background-position":"center center","background-size":"auto","background-attachment":"scroll","background-type":"","background-media":"","overlay-type":"","overlay-color":"","overlay-opacity":"","overlay-gradient":""},"mobile":{"background-color":"","background-image":"","background-repeat":"repeat","background-position":"center center","background-size":"auto","background-attachment":"scroll","background-type":"","background-media":"","overlay-type":"","overlay-color":"","overlay-opacity":"","overlay-gradient":""}},"ast-content-background-meta":{"desktop":{"background-color":"var(--ast-global-color-4)","background-image":"","background-repeat":"repeat","background-position":"center center","background-size":"auto","background-attachment":"scroll","background-type":"","background-media":"","overlay-type":"","overlay-color":"","overlay-opacity":"","overlay-gradient":""},"tablet":{"background-color":"var(--ast-global-color-4)","background-image":"","background-repeat":"repeat","background-position":"center center","background-size":"auto","background-attachment":"scroll","background-type":"","background-media":"","overlay-type":"","overlay-color":"","overlay-opacity":"","overlay-gradient":""},"mobile":{"background-color":"var(--ast-global-color-4)","background-image":"","background-repeat":"repeat","background-position":"center center","background-size":"auto","background-attachment":"scroll","background-type":"","background-media":"","overlay-type":"","overlay-color":"","overlay-opacity":"","overlay-gradient":""}},"footnotes":""},"class_list":["post-394","page","type-page","status-publish","hentry"],"_links":{"self":[{"href":"https:\/\/allergo.infodocs.eu\/site\/wp-json\/wp\/v2\/pages\/394","targetHints":{"allow":["GET"]}}],"collection":[{"href":"https:\/\/allergo.infodocs.eu\/site\/wp-json\/wp\/v2\/pages"}],"about":[{"href":"https:\/\/allergo.infodocs.eu\/site\/wp-json\/wp\/v2\/types\/page"}],"author":[{"embeddable":true,"href":"https:\/\/allergo.infodocs.eu\/site\/wp-json\/wp\/v2\/users\/6"}],"replies":[{"embeddable":true,"href":"https:\/\/allergo.infodocs.eu\/site\/wp-json\/wp\/v2\/comments?post=394"}],"version-history":[{"count":184,"href":"https:\/\/allergo.infodocs.eu\/site\/wp-json\/wp\/v2\/pages\/394\/revisions"}],"predecessor-version":[{"id":2638,"href":"https:\/\/allergo.infodocs.eu\/site\/wp-json\/wp\/v2\/pages\/394\/revisions\/2638"}],"wp:attachment":[{"href":"https:\/\/allergo.infodocs.eu\/site\/wp-json\/wp\/v2\/media?parent=394"}],"curies":[{"name":"wp","href":"https:\/\/api.w.org\/{rel}","templated":true}]}}