{"id":396,"date":"2025-04-02T20:14:14","date_gmt":"2025-04-02T18:14:14","guid":{"rendered":"https:\/\/allergo.infodocs.eu\/cours2025\/groupe10\/?page_id=396"},"modified":"2025-04-08T15:13:39","modified_gmt":"2025-04-08T13:13:39","slug":"produits-de-recherche","status":"publish","type":"page","link":"https:\/\/allergo.infodocs.eu\/site\/produits-de-recherche\/","title":{"rendered":"Produits de recherche"},"content":{"rendered":"\t\t<div data-elementor-type=\"wp-page\" data-elementor-id=\"396\" class=\"elementor elementor-396\">\n\t\t\t\t<div class=\"elementor-element elementor-element-2e27827 e-flex e-con-boxed e-con e-parent\" data-id=\"2e27827\" data-element_type=\"container\" data-settings=\"{&quot;background_background&quot;:&quot;classic&quot;}\">\n\t\t\t\t\t<div class=\"e-con-inner\">\n\t\t\t\t<div class=\"elementor-element elementor-element-ebef2e1 elementor-hidden-tablet elementor-hidden-mobile exad-sticky-section-no exad-glass-effect-no elementor-widget elementor-widget-spacer\" data-id=\"ebef2e1\" data-element_type=\"widget\" data-widget_type=\"spacer.default\">\n\t\t\t\t<div class=\"elementor-widget-container\">\n\t\t\t\t\t\t\t<div class=\"elementor-spacer\">\n\t\t\t<div class=\"elementor-spacer-inner\"><\/div>\n\t\t<\/div>\n\t\t\t\t\t\t<\/div>\n\t\t\t\t<\/div>\n\t\t\t\t<div class=\"elementor-element elementor-element-120e50c elementor-widget__width-initial exad-sticky-section-no exad-glass-effect-no elementor-widget elementor-widget-heading\" data-id=\"120e50c\" data-element_type=\"widget\" data-widget_type=\"heading.default\">\n\t\t\t\t<div class=\"elementor-widget-container\">\n\t\t\t\t\t<h1 class=\"elementor-heading-title elementor-size-default\">Produits de recherche<\/h1>\t\t\t\t<\/div>\n\t\t\t\t<\/div>\n\t\t\t\t\t<\/div>\n\t\t\t\t<\/div>\n\t\t<div class=\"elementor-element elementor-element-db089c8 e-flex e-con-boxed e-con e-parent\" data-id=\"db089c8\" data-element_type=\"container\">\n\t\t\t\t\t<div class=\"e-con-inner\">\n\t\t<div class=\"elementor-element elementor-element-ed94da0 e-con-full e-flex e-con e-child\" data-id=\"ed94da0\" data-element_type=\"container\">\n\t\t\t\t<div class=\"elementor-element elementor-element-e02df9c elementor-hidden-tablet elementor-hidden-mobile exad-sticky-section-no exad-glass-effect-no elementor-widget elementor-widget-spacer\" data-id=\"e02df9c\" data-element_type=\"widget\" data-widget_type=\"spacer.default\">\n\t\t\t\t<div class=\"elementor-widget-container\">\n\t\t\t\t\t\t\t<div class=\"elementor-spacer\">\n\t\t\t<div class=\"elementor-spacer-inner\"><\/div>\n\t\t<\/div>\n\t\t\t\t\t\t<\/div>\n\t\t\t\t<\/div>\n\t\t\t\t<div class=\"elementor-element elementor-element-8421e73 elementor-widget__width-initial elementor-widget-mobile__width-initial exad-sticky-section-no exad-glass-effect-no elementor-widget elementor-widget-text-editor\" data-id=\"8421e73\" data-element_type=\"widget\" data-widget_type=\"text-editor.default\">\n\t\t\t\t<div class=\"elementor-widget-container\">\n\t\t\t\t\t\t\t\t\t<p><span class=\"OYPEnA font-feature-liga-off font-feature-clig-off font-feature-calt-off text-decoration-none text-strikethrough-none\" style=\"color: #666666; font-weight: 400; font-style: normal; font-kerning: none;\">Retrouvez les derni\u00e8res publications des produits de recherche li\u00e9es au projet ALLERGIDOC. Ces ressources sont \u00e9galement consultables <span class=\"OYPEnA font-feature-liga-off font-feature-clig-off font-feature-calt-off text-decoration-none text-strikethrough-none\"> sur le <a href=\"https:\/\/cv.hal.science\/marcin-trzmielewski\">profil HAL<\/a> de Marcin Trzmielewski<\/span>.<\/span><\/p>\t\t\t\t\t\t\t\t<\/div>\n\t\t\t\t<\/div>\n\t\t\t\t<div class=\"elementor-element elementor-element-79c70d3 elementor-hidden-tablet elementor-hidden-mobile exad-sticky-section-no exad-glass-effect-no elementor-widget elementor-widget-spacer\" data-id=\"79c70d3\" data-element_type=\"widget\" data-widget_type=\"spacer.default\">\n\t\t\t\t<div class=\"elementor-widget-container\">\n\t\t\t\t\t\t\t<div class=\"elementor-spacer\">\n\t\t\t<div class=\"elementor-spacer-inner\"><\/div>\n\t\t<\/div>\n\t\t\t\t\t\t<\/div>\n\t\t\t\t<\/div>\n\t\t\t\t<\/div>\n\t\t\t\t<div class=\"elementor-element elementor-element-32e0a09 exad-sticky-section-no exad-glass-effect-no elementor-widget elementor-widget-shortcode\" data-id=\"32e0a09\" data-element_type=\"widget\" data-widget_type=\"shortcode.default\">\n\t\t\t\t<div class=\"elementor-widget-container\">\n\t\t\t\t\t\t\t<div class=\"elementor-shortcode\"><div class=\"wp-rss-template-container\" data-wpra-template=\"default\" data-template-ctx=\"eyJ0ZW1wbGF0ZSI6ImRlZmF1bHQifQ==\">\n    <div class=\"wp-rss-aggregator wpra-list-template  \" data-page=\"1\">\n    \n    \n<ul class=\"wpra-item-list rss-aggregator wpra-item-list--bullets wpra-item-list--default\"\n    start=\"1\">\n                        <li class=\"wpra-item feed-item \">\n            \n            \n\n    <a  href=\"https:\/\/hal.science\/hal-05004445v1\" target=\"_blank\" rel=\"nofollow\" class=\"\">[hal-05004445] Conception et mise en \u0153uvre d\u2019une ontologie informatique en allergologie<\/a>\n\n\n\n\n\n\n<div class=\"wprss-feed-meta\">\n    \n            <span class=\"feed-date\">\n            Publi\u00e9 le 25-03-2025\n        <\/span>\n    \n    <\/div>\n\n\n\n\n\n            \n        <\/li>\n                    <li class=\"wpra-item feed-item \">\n            \n            \n\n    <a  href=\"https:\/\/hal.science\/hal-05004410v1\" target=\"_blank\" rel=\"nofollow\" class=\"\">[hal-05004410] L\u2019emploi de la terminologie allergologique par les patients<\/a>\n\n\n\n\n\n\n<div class=\"wprss-feed-meta\">\n    \n            <span class=\"feed-date\">\n            Publi\u00e9 le 25-03-2025\n        <\/span>\n    \n    <\/div>\n\n\n\n\n\n            \n        <\/li>\n                    <li class=\"wpra-item feed-item \">\n            \n            \n\n    <a  href=\"https:\/\/hal.science\/hal-04610245v3\" target=\"_blank\" rel=\"nofollow\" class=\"\">[hal-04610245] ALLERGIDOC Ontology<\/a>\n\n\n\n\n\n\n<div class=\"wprss-feed-meta\">\n    \n            <span class=\"feed-date\">\n            Publi\u00e9 le 23-03-2025\n        <\/span>\n    \n    <\/div>\n\n\n\n\n\n            \n        <\/li>\n                    <li class=\"wpra-item feed-item \">\n            \n            \n\n    <a  href=\"https:\/\/hal.science\/hal-04996954v1\" target=\"_blank\" rel=\"nofollow\" class=\"\">[hal-04996954] \u00c9laboration des syst\u00e8mes d'organisation des connaissances m\u00e9dicales : place \u00e0 l'utilit\u00e9 !<\/a>\n\n\n\n\n\n\n<div class=\"wprss-feed-meta\">\n    \n            <span class=\"feed-date\">\n            Publi\u00e9 le 19-03-2025\n        <\/span>\n    \n    <\/div>\n\n\n\n\n\n            \n        <\/li>\n                    <li class=\"wpra-item feed-item \">\n            \n            \n\n    <a  href=\"https:\/\/hal.science\/hal-04597033v1\" target=\"_blank\" rel=\"nofollow\" class=\"\">[hal-04597033] Towards an Allergy Ontology: A Utility-Based Contextual Approach<\/a>\n\n\n\n\n\n\n<div class=\"wprss-feed-meta\">\n    \n            <span class=\"feed-date\">\n            Publi\u00e9 le 01-06-2024\n        <\/span>\n    \n    <\/div>\n\n\n\n\n\n            \n        <\/li>\n                    <li class=\"wpra-item feed-item \">\n            \n            \n\n    <a  href=\"https:\/\/theses.hal.science\/tel-04310219v3\" target=\"_blank\" rel=\"nofollow\" class=\"\">[tel-04310219] Vers l\u2019\u00e9laboration d\u2019un syst\u00e8me d'organisation des connaissances en allergologie : l\u2019analyse des documents et des pratiques informationnelles des acteurs<\/a>\n\n\n\n\n\n\n<div class=\"wprss-feed-meta\">\n    \n            <span class=\"feed-date\">\n            Publi\u00e9 le 01-12-2023\n        <\/span>\n    \n    <\/div>\n\n\n\n\n\n            \n        <\/li>\n                    <li class=\"wpra-item feed-item \">\n            \n            \n\n    <a  href=\"https:\/\/hal.science\/hal-04116616v1\" target=\"_blank\" rel=\"nofollow\" class=\"\">[hal-04116616] Int\u00e9gration des termes d'un domaine m\u00e9dical complexe dans une classification g\u00e9n\u00e9rale \u00e0 facettes<\/a>\n\n\n\n\n\n\n<div class=\"wprss-feed-meta\">\n    \n            <span class=\"feed-date\">\n            Publi\u00e9 le 05-06-2023\n        <\/span>\n    \n    <\/div>\n\n\n\n\n\n            \n        <\/li>\n                    <li class=\"wpra-item feed-item \">\n            \n            \n\n    <a  href=\"https:\/\/hal.science\/hal-03836316v1\" target=\"_blank\" rel=\"nofollow\" class=\"\">[hal-03836316] Vers l'\u00e9laboration d'un syst\u00e8me de repr\u00e9sentation des connaissances en allergologie : analyse des documents et des pratiques informationnelles des acteurs<\/a>\n\n\n\n\n\n\n<div class=\"wprss-feed-meta\">\n    \n            <span class=\"feed-date\">\n            Publi\u00e9 le 02-11-2022\n        <\/span>\n    \n    <\/div>\n\n\n\n\n\n            \n        <\/li>\n                    <li class=\"wpra-item feed-item \">\n            \n            \n\n    <a  href=\"https:\/\/hal.science\/hal-03226749v1\" target=\"_blank\" rel=\"nofollow\" class=\"\">[hal-03226749] Organizzare la conoscenza allergologica<\/a>\n\n\n\n\n\n\n<div class=\"wprss-feed-meta\">\n    \n            <span class=\"feed-date\">\n            Publi\u00e9 le 15-05-2021\n        <\/span>\n    \n    <\/div>\n\n\n\n\n\n            \n        <\/li>\n                    <li class=\"wpra-item feed-item \">\n            \n            \n\n    <a  href=\"https:\/\/hal.science\/hal-03226743v1\" target=\"_blank\" rel=\"nofollow\" class=\"\">[hal-03226743] What did the doctor say? Patients\u2019 comprehension of allergy consultations in a French university hospital<\/a>\n\n\n\n\n\n\n<div class=\"wprss-feed-meta\">\n    \n            <span class=\"feed-date\">\n            Publi\u00e9 le 15-05-2021\n        <\/span>\n    \n    <\/div>\n\n\n\n\n\n            \n        <\/li>\n                    <li class=\"wpra-item feed-item \">\n            \n            \n\n    <a  href=\"https:\/\/hal.science\/hal-03207501v1\" target=\"_blank\" rel=\"nofollow\" class=\"\">[hal-03207501] Un verre de pipi tous les matins \u00e9loigne le m\u00e9decin. Les pratiques informationnelles des internautes en lien avec l'urinoth\u00e9rapie<\/a>\n\n\n\n\n\n\n<div class=\"wprss-feed-meta\">\n    \n            <span class=\"feed-date\">\n            Publi\u00e9 le 25-04-2021\n        <\/span>\n    \n    <\/div>\n\n\n\n\n\n            \n        <\/li>\n                    <li class=\"wpra-item feed-item \">\n            \n            \n\n    <a  href=\"https:\/\/hal.science\/hal-02465552v1\" target=\"_blank\" rel=\"nofollow\" class=\"\">[hal-02465552] What did the doctor say? Patients' comprehension of allergy consultations in a French university hospital<\/a>\n\n\n\n\n\n\n<div class=\"wprss-feed-meta\">\n    \n            <span class=\"feed-date\">\n            Publi\u00e9 le 06-02-2020\n        <\/span>\n    \n    <\/div>\n\n\n\n\n\n            \n        <\/li>\n                    <li class=\"wpra-item feed-item \">\n            \n            \n\n    <a  href=\"https:\/\/hal.science\/hal-02466206v1\" target=\"_blank\" rel=\"nofollow\" class=\"\">[hal-02466206] Information and Data in Allergology: Theoretical and Methodological Proposals for Building a Knowledge Organization Model dedicated to the Design of Info-communication Devices<\/a>\n\n\n\n\n\n\n<div class=\"wprss-feed-meta\">\n    \n            <span class=\"feed-date\">\n            Publi\u00e9 le 06-02-2020\n        <\/span>\n    \n    <\/div>\n\n\n\n\n\n            \n        <\/li>\n        <\/ul>\n\n        \n<\/div>\n\n<\/div>\n<\/div>\n\t\t\t\t\t\t<\/div>\n\t\t\t\t<\/div>\n\t\t\t\t<div class=\"elementor-element elementor-element-aa83504 exad-sticky-section-no exad-glass-effect-no elementor-widget elementor-widget-html\" data-id=\"aa83504\" data-element_type=\"widget\" data-widget_type=\"html.default\">\n\t\t\t\t<div class=\"elementor-widget-container\">\n\t\t\t\t\t<script>\n    document.querySelectorAll('.wpra-item a').forEach(function(link) {\n        link.textContent = link.textContent.replace(\/^\\[[a-zA-Z]+-\\d+\\]\\s*\/, '');\n    });\n<\/script>\n\t\t\t\t<\/div>\n\t\t\t\t<\/div>\n\t\t\t\t\t<\/div>\n\t\t\t\t<\/div>\n\t\t<div class=\"elementor-element elementor-element-7b70a359 e-flex e-con-boxed e-con e-parent\" data-id=\"7b70a359\" data-element_type=\"container\" data-settings=\"{&quot;background_background&quot;:&quot;classic&quot;}\">\n\t\t\t\t\t<div class=\"e-con-inner\">\n\t\t<div class=\"elementor-element elementor-element-39652e9e e-con-full e-flex e-con e-child\" data-id=\"39652e9e\" data-element_type=\"container\">\n\t\t\t\t<div class=\"elementor-element elementor-element-3c123305 exad-sticky-section-no exad-glass-effect-no elementor-widget elementor-widget-spacer\" data-id=\"3c123305\" data-element_type=\"widget\" data-widget_type=\"spacer.default\">\n\t\t\t\t<div class=\"elementor-widget-container\">\n\t\t\t\t\t\t\t<div class=\"elementor-spacer\">\n\t\t\t<div class=\"elementor-spacer-inner\"><\/div>\n\t\t<\/div>\n\t\t\t\t\t\t<\/div>\n\t\t\t\t<\/div>\n\t\t\t\t<\/div>\n\t\t<div class=\"elementor-element elementor-element-3ed5f63d e-con-full e-flex e-con e-child\" data-id=\"3ed5f63d\" data-element_type=\"container\">\n\t\t\t\t<div class=\"elementor-element elementor-element-41f3621f exad-sticky-section-no exad-glass-effect-no elementor-widget elementor-widget-image\" data-id=\"41f3621f\" data-element_type=\"widget\" data-widget_type=\"image.default\">\n\t\t\t\t<div class=\"elementor-widget-container\">\n\t\t\t\t\t\t\t\t\t\t\t\t\t\t\t<img decoding=\"async\" width=\"280\" height=\"152\" src=\"https:\/\/allergo.infodocs.eu\/site\/wp-content\/uploads\/2025\/03\/Logo-Allergidoc.jpg\" class=\"attachment-1536x1536 size-1536x1536 wp-image-299\" alt=\"Logo Allergidoc\" \/>\t\t\t\t\t\t\t\t\t\t\t\t\t\t\t<\/div>\n\t\t\t\t<\/div>\n\t\t<div class=\"elementor-element elementor-element-50494269 e-con-full e-flex e-con e-child\" data-id=\"50494269\" data-element_type=\"container\">\n\t\t\t\t<div class=\"elementor-element elementor-element-4633aff1 exad-sticky-section-no exad-glass-effect-no elementor-widget elementor-widget-text-editor\" data-id=\"4633aff1\" data-element_type=\"widget\" data-widget_type=\"text-editor.default\">\n\t\t\t\t<div class=\"elementor-widget-container\">\n\t\t\t\t\t\t\t\t\t<p class=\"cvGsUA direction-ltr align-justify para-style-body\"><a href=\"https:\/\/allergo.infodocs.eu\/site\/lontologie\/\"><strong><span class=\"OYPEnA font-feature-liga-off font-feature-clig-off font-feature-calt-off text-decoration-none text-strikethrough-none\">L\u2019ontologie<\/span><\/strong><\/a><\/p><p class=\"cvGsUA direction-ltr align-justify para-style-body\"><a href=\"https:\/\/allergo.infodocs.eu\/site\/approche-et-methodologie\/\"><span class=\"OYPEnA font-feature-liga-off font-feature-clig-off font-feature-calt-off text-decoration-none text-strikethrough-none\">Approche et m\u00e9thodologie<\/span><\/a><\/p><p class=\"cvGsUA direction-ltr align-justify para-style-body\"><a href=\"https:\/\/allergo.infodocs.eu\/site\/consulter-lontologie\/\"><span class=\"OYPEnA font-feature-liga-off font-feature-clig-off font-feature-calt-off text-decoration-none text-strikethrough-none\">Consulter l\u2019ontologie<\/span><\/a><\/p><p class=\"cvGsUA direction-ltr align-justify para-style-body\"><a href=\"https:\/\/allergo.infodocs.eu\/site\/lequipe-et-les-partenaires\/\"><strong><span class=\"OYPEnA font-feature-liga-off font-feature-clig-off font-feature-calt-off text-decoration-none text-strikethrough-none\">L\u2019\u00e9quipe et les partenaires<\/span><\/strong><\/a><\/p><p><a href=\"https:\/\/allergo.infodocs.eu\/site\/produits-de-recherche\/\"><strong><span class=\"OYPEnA font-feature-liga-off font-feature-clig-off font-feature-calt-off text-decoration-none text-strikethrough-none\">Produits de recherche<\/span><\/strong><\/a><\/p>\t\t\t\t\t\t\t\t<\/div>\n\t\t\t\t<\/div>\n\t\t\t\t<\/div>\n\t\t\t\t<\/div>\n\t\t<div class=\"elementor-element elementor-element-8f9d59c e-con-full e-flex e-con e-child\" data-id=\"8f9d59c\" data-element_type=\"container\">\n\t\t<div class=\"elementor-element elementor-element-6d47a196 e-con-full e-flex e-con e-child\" data-id=\"6d47a196\" data-element_type=\"container\">\n\t\t\t\t<div class=\"elementor-element elementor-element-2311f14e exad-sticky-section-no exad-glass-effect-no elementor-widget elementor-widget-text-editor\" data-id=\"2311f14e\" data-element_type=\"widget\" data-widget_type=\"text-editor.default\">\n\t\t\t\t<div class=\"elementor-widget-container\">\n\t\t\t\t\t\t\t\t\t<p><strong>Coordonn\u00e9es<\/strong><br \/>Universit\u00e9 de Montpellier Paul-Val\u00e9ry<br \/>Route de Mende<br \/>34199 Montpellier Cedex 5<br \/>ITIC &#8211; B\u00e2timent Marc Bloch (B\u00e2t. E)<\/p><p>04 67 14 20 00<\/p><p>ontologie.allergidoc@gmail.com<br \/>marcin.trzmielewski@univ-montp3.fr<\/p><p><strong>Retrouvez-nous sur les r\u00e9seaux sociaux :<\/strong><\/p>\t\t\t\t\t\t\t\t<\/div>\n\t\t\t\t<\/div>\n\t\t\t\t<\/div>\n\t\t<div class=\"elementor-element elementor-element-731e07df e-con-full e-flex e-con e-child\" data-id=\"731e07df\" data-element_type=\"container\">\n\t\t\t\t<div class=\"elementor-element elementor-element-764976b8 elementor-view-default exad-sticky-section-no exad-glass-effect-no elementor-widget elementor-widget-icon\" data-id=\"764976b8\" data-element_type=\"widget\" data-widget_type=\"icon.default\">\n\t\t\t\t<div class=\"elementor-widget-container\">\n\t\t\t\t\t\t\t<div class=\"elementor-icon-wrapper\">\n\t\t\t<a class=\"elementor-icon elementor-animation-push\" href=\"https:\/\/x.com\/MTrzmielewski\">\n\t\t\t<svg aria-hidden=\"true\" class=\"e-font-icon-svg e-fab-x-twitter\" viewBox=\"0 0 512 512\" xmlns=\"http:\/\/www.w3.org\/2000\/svg\"><path d=\"M389.2 48h70.6L305.6 224.2 487 464H345L233.7 318.6 106.5 464H35.8L200.7 275.5 26.8 48H172.4L272.9 180.9 389.2 48zM364.4 421.8h39.1L151.1 88h-42L364.4 421.8z\"><\/path><\/svg>\t\t\t<\/a>\n\t\t<\/div>\n\t\t\t\t\t\t<\/div>\n\t\t\t\t<\/div>\n\t\t\t\t<div class=\"elementor-element elementor-element-2d83b2d9 elementor-view-default exad-sticky-section-no exad-glass-effect-no elementor-widget elementor-widget-icon\" data-id=\"2d83b2d9\" data-element_type=\"widget\" data-widget_type=\"icon.default\">\n\t\t\t\t<div class=\"elementor-widget-container\">\n\t\t\t\t\t\t\t<div class=\"elementor-icon-wrapper\">\n\t\t\t<a class=\"elementor-icon elementor-animation-push\" href=\"https:\/\/cv.hal.science\/marcin-trzmielewski\">\n\t\t\t<i aria-hidden=\"true\" class=\"uic ai-hal\"><\/i>\t\t\t<\/a>\n\t\t<\/div>\n\t\t\t\t\t\t<\/div>\n\t\t\t\t<\/div>\n\t\t\t\t<\/div>\n\t\t<div class=\"elementor-element elementor-element-7a5fdc85 e-con-full e-flex e-con e-child\" data-id=\"7a5fdc85\" data-element_type=\"container\">\n\t\t\t\t<div class=\"elementor-element elementor-element-6217bcb7 exad-sticky-section-no exad-glass-effect-no elementor-widget elementor-widget-button\" data-id=\"6217bcb7\" data-element_type=\"widget\" data-widget_type=\"button.default\">\n\t\t\t\t<div class=\"elementor-widget-container\">\n\t\t\t\t\t\t\t\t\t<div class=\"elementor-button-wrapper\">\n\t\t\t\t\t<a class=\"elementor-button elementor-button-link elementor-size-sm\" href=\"https:\/\/allergo.infodocs.eu\/site\/contact\/\">\n\t\t\t\t\t\t<span class=\"elementor-button-content-wrapper\">\n\t\t\t\t\t\t\t\t\t<span class=\"elementor-button-text\">Nous contacter<\/span>\n\t\t\t\t\t<\/span>\n\t\t\t\t\t<\/a>\n\t\t\t\t<\/div>\n\t\t\t\t\t\t\t\t<\/div>\n\t\t\t\t<\/div>\n\t\t\t\t<\/div>\n\t\t\t\t<\/div>\n\t\t<div class=\"elementor-element elementor-element-415183e1 e-con-full e-flex e-con e-child\" data-id=\"415183e1\" data-element_type=\"container\">\n\t\t\t\t<div class=\"elementor-element elementor-element-4783463c exad-sticky-section-no exad-glass-effect-no elementor-widget elementor-widget-spacer\" data-id=\"4783463c\" data-element_type=\"widget\" data-widget_type=\"spacer.default\">\n\t\t\t\t<div class=\"elementor-widget-container\">\n\t\t\t\t\t\t\t<div class=\"elementor-spacer\">\n\t\t\t<div class=\"elementor-spacer-inner\"><\/div>\n\t\t<\/div>\n\t\t\t\t\t\t<\/div>\n\t\t\t\t<\/div>\n\t\t\t\t<\/div>\n\t\t\t\t\t<\/div>\n\t\t\t\t<\/div>\n\t\t\t\t<\/div>\n\t\t","protected":false},"excerpt":{"rendered":"<p>Produits de recherche Retrouvez les derni\u00e8res publications des produits de recherche li\u00e9es au projet ALLERGIDOC. Ces ressources sont \u00e9galement consultables [&hellip;]<\/p>\n","protected":false},"author":6,"featured_media":0,"parent":0,"menu_order":0,"comment_status":"closed","ping_status":"closed","template":"","meta":{"site-sidebar-layout":"no-sidebar","site-content-layout":"","ast-site-content-layout":"full-width-container","site-content-style":"default","site-sidebar-style":"default","ast-global-header-display":"","ast-banner-title-visibility":"","ast-main-header-display":"","ast-hfb-above-header-display":"","ast-hfb-below-header-display":"","ast-hfb-mobile-header-display":"","site-post-title":"disabled","ast-breadcrumbs-content":"","ast-featured-img":"disabled","footer-sml-layout":"","theme-transparent-header-meta":"","adv-header-id-meta":"","stick-header-meta":"","header-above-stick-meta":"","header-main-stick-meta":"","header-below-stick-meta":"","astra-migrate-meta-layouts":"default","ast-page-background-enabled":"default","ast-page-background-meta":{"desktop":{"background-color":"var(--ast-global-color-5)","background-image":"","background-repeat":"repeat","background-position":"center center","background-size":"auto","background-attachment":"scroll","background-type":"","background-media":"","overlay-type":"","overlay-color":"","overlay-opacity":"","overlay-gradient":""},"tablet":{"background-color":"","background-image":"","background-repeat":"repeat","background-position":"center center","background-size":"auto","background-attachment":"scroll","background-type":"","background-media":"","overlay-type":"","overlay-color":"","overlay-opacity":"","overlay-gradient":""},"mobile":{"background-color":"","background-image":"","background-repeat":"repeat","background-position":"center center","background-size":"auto","background-attachment":"scroll","background-type":"","background-media":"","overlay-type":"","overlay-color":"","overlay-opacity":"","overlay-gradient":""}},"ast-content-background-meta":{"desktop":{"background-color":"var(--ast-global-color-4)","background-image":"","background-repeat":"repeat","background-position":"center center","background-size":"auto","background-attachment":"scroll","background-type":"","background-media":"","overlay-type":"","overlay-color":"","overlay-opacity":"","overlay-gradient":""},"tablet":{"background-color":"var(--ast-global-color-4)","background-image":"","background-repeat":"repeat","background-position":"center center","background-size":"auto","background-attachment":"scroll","background-type":"","background-media":"","overlay-type":"","overlay-color":"","overlay-opacity":"","overlay-gradient":""},"mobile":{"background-color":"var(--ast-global-color-4)","background-image":"","background-repeat":"repeat","background-position":"center center","background-size":"auto","background-attachment":"scroll","background-type":"","background-media":"","overlay-type":"","overlay-color":"","overlay-opacity":"","overlay-gradient":""}},"footnotes":""},"class_list":["post-396","page","type-page","status-publish","hentry"],"_links":{"self":[{"href":"https:\/\/allergo.infodocs.eu\/site\/wp-json\/wp\/v2\/pages\/396","targetHints":{"allow":["GET"]}}],"collection":[{"href":"https:\/\/allergo.infodocs.eu\/site\/wp-json\/wp\/v2\/pages"}],"about":[{"href":"https:\/\/allergo.infodocs.eu\/site\/wp-json\/wp\/v2\/types\/page"}],"author":[{"embeddable":true,"href":"https:\/\/allergo.infodocs.eu\/site\/wp-json\/wp\/v2\/users\/6"}],"replies":[{"embeddable":true,"href":"https:\/\/allergo.infodocs.eu\/site\/wp-json\/wp\/v2\/comments?post=396"}],"version-history":[{"count":115,"href":"https:\/\/allergo.infodocs.eu\/site\/wp-json\/wp\/v2\/pages\/396\/revisions"}],"predecessor-version":[{"id":2375,"href":"https:\/\/allergo.infodocs.eu\/site\/wp-json\/wp\/v2\/pages\/396\/revisions\/2375"}],"wp:attachment":[{"href":"https:\/\/allergo.infodocs.eu\/site\/wp-json\/wp\/v2\/media?parent=396"}],"curies":[{"name":"wp","href":"https:\/\/api.w.org\/{rel}","templated":true}]}}